{"id":21,"date":"2023-04-10T01:24:34","date_gmt":"2023-04-10T04:24:34","guid":{"rendered":"http:\/\/www.lassbeer.com\/site\/site\/?page_id=21"},"modified":"2023-04-12T18:45:33","modified_gmt":"2023-04-12T21:45:33","slug":"politica-de-privacidade","status":"publish","type":"page","link":"https:\/\/www.lassbeer.com.br\/site\/politica-de-privacidade\/","title":{"rendered":"Politica de Privacidade"},"content":{"rendered":"<h2 class=\"decode-redcolor-tx\"><strong>SOBRE NOSSA POL\u00cdTICA DE PRIVACIDADE<\/strong><\/h2>\n<p>A Decode Digital entende e respeita a sua privacidade. Nossa pol\u00edtica de privacidade foi criada para esclarecer a voc\u00ea, o tipo de informa\u00e7\u00f5es pessoais que recebemos quando voc\u00ea acessas nossas p\u00e1ginas ou artigos. Esse esclarecimento o ajudar\u00e1 a se sentir seguro em nossa p\u00e1gina, visto que todas as informa\u00e7\u00f5es aqui coletadas s\u00e3o exclusivamente no sentido de estat\u00edsticas, n\u00e3o ficando qualquer dado pessoal armazenado em nosso banco de dados.<\/p>\n<p>&nbsp;<\/p>\n<h2 class=\"decode-redcolor-tx\"><strong>SOBRE COOKIES ARMAZENADOS<\/strong><\/h2>\n<p>Utilizamos cookies para armazenar informa\u00e7\u00e3o, tais como as suas prefer\u00eancias pessoais quando visita o nosso website. Isto poder\u00e1 incluir um simples popup, ou uma liga\u00e7\u00e3o em v\u00e1rios servi\u00e7os que providenciamos, tais como f\u00f3runs.\u00a0<strong>A Google faz uso do novo\u00a0<\/strong><a href=\"http:\/\/www.doubleclick.com\/privacy\/faq.aspx\" target=\"_blank\" rel=\"noopener\"><strong>DART cookie<\/strong><\/a><strong>\u00a0para servir an\u00fancios baseados nos seus interesses e na sua visita ao nosso blog e a outros endere\u00e7os na web. Poder\u00e1 optar por n\u00e3o utilizar o DART cookie visitando a p\u00e1gina de an\u00fancios Google ad e o programa de policiamento da empresa.<\/strong><\/p>\n<p>&nbsp;<\/p>\n<h2 class=\"decode-redcolor-tx\"><strong>INFORMA\u00c7\u00d5ES PESSOAIS<\/strong><\/h2>\n<p>O\u00a0<strong>website Decode Digital<\/strong>\u00a0n\u00e3o armazena qualquer informa\u00e7\u00e3o pessoal sua, como nome, endere\u00e7o ou qualquer outro dado que possa identific\u00e1-lo fora da Web.<\/p>\n<p>O servidor da Decode Host,\u00a0armazena automaticamente o seu endere\u00e7o IP, Browser, Sistema Operacional, o idioma, a data e a URL utilizada para navega\u00e7\u00e3o (Esse procedimento \u00e9 padr\u00e3o e todos os blogs e sites da Internet o fazem automaticamente para fins estat\u00edsticos).<\/p>\n<p>&nbsp;<\/p>\n<h2 class=\"decode-redcolor-tx\"><strong>USOS<\/strong><\/h2>\n<p>A Decode Digital n\u00e3o utiliza qualquer dado coletado para fins comerciais. Os dados que coletamos, automaticamente, s\u00e3o utilizados \u00fanica e exclusivamente para fins de estat\u00edstica interna e, em hip\u00f3tese alguma, s\u00e3o divulgados em p\u00fablico.<\/p>\n<p>&nbsp;<\/p>\n<h2 class=\"decode-redcolor-tx\"><strong>D\u00daVIDAS E ESCLARECIMENTOS<\/strong><\/h2>\n<p>Em caso de permanecer alguma d\u00favida, ou desejar um esclarecimento mais aprofundado, favor entrar em contato pelo e-mail:\u00a0<a href=\"mailto:agencia@decodedigital.com.br\">agencia@decodedigital.com.br<\/a>\u00a0ou em nossa\u00a0<a href=\"https:\/\/www.decodedigital.com.br\/contato\/\">p\u00e1gina de contato<\/a>.<\/p>\n","protected":false},"excerpt":{"rendered":"<p>SOBRE NOSSA POL\u00cdTICA DE PRIVACIDADE A Decode Digital entende e respeita a sua privacidade. Nossa pol\u00edtica de privacidade foi criada para esclarecer a voc\u00ea, o tipo de informa\u00e7\u00f5es pessoais que recebemos quando voc\u00ea acessas nossas p\u00e1ginas ou artigos. Esse esclarecimento o ajudar\u00e1 a se sentir seguro em nossa p\u00e1gina, visto que todas as informa\u00e7\u00f5es aqui [&hellip;]<\/p>\n","protected":false},"author":1,"featured_media":0,"parent":0,"menu_order":0,"comment_status":"closed","ping_status":"closed","template":"politica-de-privacidade.php","meta":{"_acf_changed":false,"footnotes":""},"class_list":["post-21","page","type-page","status-publish","hentry"],"acf":[],"_links":{"self":[{"href":"https:\/\/www.lassbeer.com.br\/site\/wp-json\/wp\/v2\/pages\/21","targetHints":{"allow":["GET"]}}],"collection":[{"href":"https:\/\/www.lassbeer.com.br\/site\/wp-json\/wp\/v2\/pages"}],"about":[{"href":"https:\/\/www.lassbeer.com.br\/site\/wp-json\/wp\/v2\/types\/page"}],"author":[{"embeddable":true,"href":"https:\/\/www.lassbeer.com.br\/site\/wp-json\/wp\/v2\/users\/1"}],"replies":[{"embeddable":true,"href":"https:\/\/www.lassbeer.com.br\/site\/wp-json\/wp\/v2\/comments?post=21"}],"version-history":[{"count":3,"href":"https:\/\/www.lassbeer.com.br\/site\/wp-json\/wp\/v2\/pages\/21\/revisions"}],"predecessor-version":[{"id":72,"href":"https:\/\/www.lassbeer.com.br\/site\/wp-json\/wp\/v2\/pages\/21\/revisions\/72"}],"wp:attachment":[{"href":"https:\/\/www.lassbeer.com.br\/site\/wp-json\/wp\/v2\/media?parent=21"}],"curies":[{"name":"wp","href":"https:\/\/api.w.org\/{rel}","templated":true}]}}